{"id":48,"date":"2020-10-21T14:09:44","date_gmt":"2020-10-21T14:09:44","guid":{"rendered":"http:\/\/www.bejbypank.cz\/?page_id=48"},"modified":"2026-04-05T18:21:12","modified_gmt":"2026-04-05T18:21:12","slug":"kde-hrajem","status":"publish","type":"page","link":"https:\/\/www.bejbypank.cz\/","title":{"rendered":"Kdy n\u00e1s m\u016f\u017ee\u0161 vid\u011bt?"},"content":{"rendered":"\n<p><strong><mark style=\"background-color:rgba(0, 0, 0, 0)\" class=\"has-inline-color has-vivid-green-cyan-color\">Koncerty postupn\u011b dopisujeme, <\/mark><\/strong><br><strong><mark style=\"background-color:rgba(0, 0, 0, 0)\" class=\"has-inline-color has-vivid-green-cyan-color\">ale tyhle zat\u00edm Ka\u0161p\u00e1rek v\u00ed na 100%<\/mark><\/strong><\/p>\n\n\n\n<p><strong>KV\u011aTEN<\/strong><\/p>\n\n\n\n<p><strong>29. 5. <span class=\"has-inline-color has-luminous-vivid-amber-color\">D\u011b\u010d\u00edn<\/span><\/strong> <mark style=\"background-color:rgba(0, 0, 0, 0)\" class=\"has-inline-color has-vivid-cyan-blue-color\"><a href=\"https:\/\/www.labefest.cz\" data-type=\"link\" data-id=\"https:\/\/www.labefest.cz\" target=\"_blank\" rel=\"noreferrer noopener\">Labefest<\/a><\/mark> <br><strong>30. 5. <span class=\"has-inline-color has-luminous-vivid-amber-color\">Praha \u2013 Bohnice<\/span><\/strong> <a href=\"https:\/\/meziploty.cz\" data-type=\"link\" data-id=\"https:\/\/meziploty.cz\" target=\"_blank\" rel=\"noreferrer noopener\">Mezi Ploty<\/a><\/p>\n\n\n\n<p><strong>\u010cERVEN<\/strong><\/p>\n\n\n\n<p><strong>3.  6. <span class=\"has-inline-color has-luminous-vivid-amber-color\">Praha \u2013 Bo\u0159islavka<\/span><\/strong> <a href=\"https:\/\/www.artium.kkcg.com\" data-type=\"link\" data-id=\"https:\/\/www.artium.kkcg.com\" target=\"_blank\" rel=\"noreferrer noopener\">Artium<\/a><br><strong>13 . 6. <span class=\"has-inline-color has-luminous-vivid-amber-color\">Praha 10<\/span><\/strong> Male\u0161ick\u00fd park \u2013 <a href=\"https:\/\/praha10.cz\/kalendar\/artmid\/7689\/desitka-na-desitce?articleid=3721\" data-type=\"link\" data-id=\"https:\/\/praha10.cz\/kalendar\/artmid\/7689\/desitka-na-desitce?articleid=3721\" target=\"_blank\" rel=\"noreferrer noopener\">Des\u00edtka na des\u00edtce<\/a><br><strong>19 . 6. <span class=\"has-inline-color has-luminous-vivid-amber-color\">Mlad\u00e1 Boleslav<\/span><\/strong> <a href=\"https:\/\/www.metalovacesta.cz\/cs\/metalove-sympozium\/\" data-type=\"link\" data-id=\"https:\/\/www.metalovacesta.cz\/cs\/metalove-sympozium\/\" target=\"_blank\" rel=\"noreferrer noopener\">Metalov\u00e9 sympozium<\/a><br><strong>20 . 6. <span class=\"has-inline-color has-luminous-vivid-amber-color\">Kvasiny<\/span><\/strong> <a href=\"https:\/\/www.pferda.cz\/\" target=\"_blank\" rel=\"noreferrer noopener\">Pferd\u00ed Pfestival<\/a><br><strong>27 . 6. <span class=\"has-inline-color has-luminous-vivid-amber-color\">T\u00e1bor<\/span><\/strong> <a href=\"https:\/\/www.mightysounds.cz\" data-type=\"link\" data-id=\"https:\/\/www.mightysounds.cz\" target=\"_blank\" rel=\"noreferrer noopener\">MIGHTY SOUNDS<\/a><\/p>\n\n\n\n<p><strong>SRPEN<\/strong><\/p>\n\n\n\n<p><strong>29. 8. <span class=\"has-inline-color has-luminous-vivid-amber-color\">Hradec Kr\u00e1lov\u00e9<\/span><\/strong> Festival Kef\u00edr<\/p>\n\n\n\n<hr class=\"wp-block-separator has-alpha-channel-opacity is-style-wide\"\/>\n\n\n\n<p><strong><span class=\"has-inline-color has-pale-pink-color\"><a id=\"nekoka\"><\/a>NeKoKa! <\/span><\/strong>= Neve\u0159ejn\u00fd Koncert Ka\u0161p\u00e1rka (Nebo taky zat\u00edm utajovan\u00e1 akce)<\/p>\n\n\n\n<p><\/p>\n","protected":false},"excerpt":{"rendered":"<p>Koncerty postupn\u011b dopisujeme, ale tyhle zat\u00edm Ka\u0161p\u00e1rek v\u00ed na 100% KV\u011aTEN 29. 5. D\u011b\u010d\u00edn Labefest 30. 5. Praha \u2013 Bohnice Mezi Ploty \u010cERVEN 3. 6. Praha \u2013 Bo\u0159islavka Artium13 . 6. Praha 10 Male\u0161ick\u00fd park \u2013 Des\u00edtka na des\u00edtce19 . 6. Mlad\u00e1 Boleslav Metalov\u00e9 sympozium20 . 6. Kvasiny Pferd\u00ed Pfestival27 . 6. T\u00e1bor MIGHTY SOUNDS &hellip; <\/p>\n<p class=\"link-more\"><a href=\"https:\/\/www.bejbypank.cz\/\" class=\"more-link\">Pokra\u010dovat ve \u010dten\u00ed<span class=\"screen-reader-text\"> &#8222;Kdy n\u00e1s m\u016f\u017ee\u0161 vid\u011bt?&#8220;<\/span><\/a><\/p>\n","protected":false},"author":1,"featured_media":0,"parent":0,"menu_order":0,"comment_status":"closed","ping_status":"closed","template":"","meta":{"footnotes":""},"class_list":["post-48","page","type-page","status-publish","hentry"],"_links":{"self":[{"href":"https:\/\/www.bejbypank.cz\/index.php?rest_route=\/wp\/v2\/pages\/48","targetHints":{"allow":["GET"]}}],"collection":[{"href":"https:\/\/www.bejbypank.cz\/index.php?rest_route=\/wp\/v2\/pages"}],"about":[{"href":"https:\/\/www.bejbypank.cz\/index.php?rest_route=\/wp\/v2\/types\/page"}],"author":[{"embeddable":true,"href":"https:\/\/www.bejbypank.cz\/index.php?rest_route=\/wp\/v2\/users\/1"}],"replies":[{"embeddable":true,"href":"https:\/\/www.bejbypank.cz\/index.php?rest_route=%2Fwp%2Fv2%2Fcomments&post=48"}],"version-history":[{"count":22,"href":"https:\/\/www.bejbypank.cz\/index.php?rest_route=\/wp\/v2\/pages\/48\/revisions"}],"predecessor-version":[{"id":304,"href":"https:\/\/www.bejbypank.cz\/index.php?rest_route=\/wp\/v2\/pages\/48\/revisions\/304"}],"wp:attachment":[{"href":"https:\/\/www.bejbypank.cz\/index.php?rest_route=%2Fwp%2Fv2%2Fmedia&parent=48"}],"curies":[{"name":"wp","href":"https:\/\/api.w.org\/{rel}","templated":true}]}}